{"id":71,"date":"2021-01-12T08:23:22","date_gmt":"2021-01-12T08:23:22","guid":{"rendered":"https:\/\/www.almendrasdebardenas.com\/?post_type=product&#038;p=71"},"modified":"2022-12-27T08:17:35","modified_gmt":"2022-12-27T08:17:35","slug":"almendra-lauranne","status":"publish","type":"product","link":"https:\/\/www.almendrasdebardenas.com\/en\/product\/almendra-lauranne\/","title":{"rendered":"Lauranne Almond","raw":"Lauranne Almond"},"content":{"rendered":"<table cellpadding=\"7\" cellspacing=\"0\" class=\"table table-striped\">\n<tr>\n<td> <strong>TREE VIGOUR<\/strong><\/td>\n<td> Medium<\/td>\n<\/tr>\n<tr>\n<td> <strong>FLOWER COLOUR<\/strong><\/td>\n<td> White<\/td>\n<\/tr>\n<tr>\n<td> <strong>FRUIT SHAPE<\/strong><\/td>\n<td> Heart shaped<\/td>\n<\/tr>\n<tr>\n<td> <strong>SHELL HARDNESS<\/strong><\/td>\n<td> Soft<\/td>\n<\/tr>\n<tr>\n<td> <strong>YIELD<\/strong><\/td>\n<td> 35%<\/td>\n<\/tr>\n<tr>\n<td> <strong>SEED SIZE<\/strong><\/td>\n<td> 1,20 g<\/td>\n<\/tr>\n<\/table>\n","protected":false,"raw":"<table cellpadding=\"7\" cellspacing=\"0\" class=\"table table-striped\">\r\n          <tr>\r\n            <td> <strong>TREE VIGOUR<\/strong><\/td>\r\n            <td> Medium<\/td>\r\n          <\/tr>\r\n          <tr>\r\n            <td> <strong>FLOWER COLOUR<\/strong><\/td>\r\n            <td> White<\/td>\r\n          <\/tr>\r\n          <tr>\r\n            <td> <strong>FRUIT SHAPE<\/strong><\/td>\r\n            <td> Heart shaped<\/td>\r\n          <\/tr>\r\n          <tr>\r\n            <td> <strong>SHELL HARDNESS<\/strong><\/td>\r\n            <td> Soft<\/td>\r\n          <\/tr>\r\n          <tr>\r\n            <td> <strong>YIELD<\/strong><\/td>\r\n            <td> 35%<\/td>\r\n          <\/tr>\r\n          <tr>\r\n            <td> <strong>SEED SIZE<\/strong><\/td>\r\n            <td> 1,20 g<\/td>\r\n          <\/tr>\r\n        <\/table>"},"excerpt":{"rendered":"<p>Light brown, slightly wrinkled, extremely versatile for any use.<\/p>\n<ul class=\"at\">\n<li class=\"icon-cascara\">With shell <\/li>\n<li class=\"icon-caja\"> 4 kg<\/li>\n<\/ul>\n","protected":false,"raw":"Light brown, slightly wrinkled, extremely versatile for any use.\r\n\r\n<ul class=\"at\">\r\n<li class=\"icon-cascara\">With shell <\/li>\r\n<li class=\"icon-caja\"> 4 kg<\/li>\r\n<\/ul>"},"featured_media":372,"template":"","meta":{"_es_post_content":"<table class=\"table table-striped\" cellspacing=\"0\" cellpadding=\"7\">\r\n<tbody>\r\n<tr>\r\n<td><strong>VIGOR \u00c1RBOL<\/strong><\/td>\r\n<td>Medio<\/td>\r\n<\/tr>\r\n<tr>\r\n<td><strong>COLOR FLOR<\/strong><\/td>\r\n<td>Blanca<\/td>\r\n<\/tr>\r\n<tr>\r\n<td><strong>FORMA FRUTO<\/strong><\/td>\r\n<td>Acorazonado<\/td>\r\n<\/tr>\r\n<tr>\r\n<td><strong>DUREZA C\u00c1SCARA<\/strong><\/td>\r\n<td>Blanda<\/td>\r\n<\/tr>\r\n<tr>\r\n<td><strong>RENDIMIENTO<\/strong><\/td>\r\n<td>35%<\/td>\r\n<\/tr>\r\n<tr>\r\n<td><strong>TAMA\u00d1O PIPA<\/strong><\/td>\r\n<td>1,20 g<\/td>\r\n<\/tr>\r\n<\/tbody>\r\n<\/table>","_es_post_name":"almendra-cruda-con-cascara-lauranne","_es_post_excerpt":"La almendra con c\u00e1scara cruda Lauranne es de color marr\u00f3n claro, algo rugosa, y muy vers\u00e1til para cualquier uso.\r\n<ul class=\"at\">\r\n \t<li class=\"icon-cascara\">Con c\u00e1scara<\/li>\r\n \t<li class=\"icon-caja\">4 kg<\/li>\r\n<\/ul>","_es_post_title":"Almendra Lauranne","_en_post_content":"<table cellpadding=\"7\" cellspacing=\"0\" class=\"table table-striped\">\r\n          <tr>\r\n            <td> <strong>TREE VIGOUR<\/strong><\/td>\r\n            <td> Medium<\/td>\r\n          <\/tr>\r\n          <tr>\r\n            <td> <strong>FLOWER COLOUR<\/strong><\/td>\r\n            <td> White<\/td>\r\n          <\/tr>\r\n          <tr>\r\n            <td> <strong>FRUIT SHAPE<\/strong><\/td>\r\n            <td> Heart shaped<\/td>\r\n          <\/tr>\r\n          <tr>\r\n            <td> <strong>SHELL HARDNESS<\/strong><\/td>\r\n            <td> Soft<\/td>\r\n          <\/tr>\r\n          <tr>\r\n            <td> <strong>YIELD<\/strong><\/td>\r\n            <td> 35%<\/td>\r\n          <\/tr>\r\n          <tr>\r\n            <td> <strong>SEED SIZE<\/strong><\/td>\r\n            <td> 1,20 g<\/td>\r\n          <\/tr>\r\n        <\/table>","_en_post_name":"almendra-lauranne","_en_post_excerpt":"Light brown, slightly wrinkled, extremely versatile for any use.\r\n\r\n<ul class=\"at\">\r\n<li class=\"icon-cascara\">With shell <\/li>\r\n<li class=\"icon-caja\"> 4 kg<\/li>\r\n<\/ul>","_en_post_title":"Lauranne Almond","_fr_post_content":"<table cellpadding=\"7\" cellspacing=\"0\" class=\"table table-striped\">\r\n          <tr>\r\n            <td> <strong>ROBUSTESSE ARBRE<\/strong><\/td>\r\n            <td> Moyenne<\/td>\r\n          <\/tr>\r\n          <tr>\r\n            <td> <strong>COULEUR FLEUR<\/strong><\/td>\r\n            <td> Blanche<\/td>\r\n          <\/tr>\r\n          <tr>\r\n            <td> <strong>FORME FRUIT<\/strong><\/td>\r\n            <td> En forme de c\u0153ur<\/td>\r\n          <\/tr>\r\n          <tr>\r\n            <td> <strong>DURET\u00c9 COQUE<\/strong><\/td>\r\n            <td> Moelleuse<\/td>\r\n          <\/tr>\r\n          <tr>\r\n            <td> <strong>RENDEMENT<\/strong><\/td>\r\n            <td> 35%<\/td>\r\n          <\/tr>\r\n          <tr>\r\n            <td> <strong>TAILLE GRAINE<\/strong><\/td>\r\n            <td> 1,20 g<\/td>\r\n          <\/tr>\r\n        <\/table>","_fr_post_name":"almendra-lauranne","_fr_post_excerpt":"Marron clair, un peu rugueuse, propre \u00e0 toute sorte de consommation.\r\n\r\n<ul class=\"at\">\r\n\r\n<li class=\"icon-cascara\">Avec coque <\/li>\r\n<li class=\"icon-caja\"> 4 kg<\/li>\r\n<\/ul>","_fr_post_title":"Amande Lauranne","edit_language":"en"},"product_brand":[],"product_cat":[37],"product_tag":[],"class_list":{"0":"post-71","1":"product","2":"type-product","3":"status-publish","4":"has-post-thumbnail","6":"product_cat-almendras","8":"first","9":"outofstock","10":"taxable","11":"shipping-taxable","12":"purchasable","13":"product-type-simple"},"yoast_head":"<!-- This site is optimized with the Yoast SEO plugin v27.4 - https:\/\/yoast.com\/product\/yoast-seo-wordpress\/ -->\n<title>Venta de almendra con c\u00e1scara Lauranne<\/title>\n<meta name=\"description\" content=\"Venta online de almendra cruda con c\u00e1scara de la variedad Lauranne, una almendra de gran calidad y un sabor muy agradable.\" \/>\n<meta name=\"robots\" content=\"index, follow, max-snippet:-1, max-image-preview:large, max-video-preview:-1\" \/>\n<link rel=\"canonical\" href=\"https:\/\/www.almendrasdebardenas.com\/productos\/almendra-cruda-con-cascara-lauranne\/\" \/>\n<meta property=\"og:locale\" content=\"en_US\" \/>\n<meta property=\"og:type\" content=\"article\" \/>\n<meta property=\"og:title\" content=\"Venta de almendra con c\u00e1scara Lauranne\" \/>\n<meta property=\"og:description\" content=\"Venta online de almendra cruda con c\u00e1scara de la variedad Lauranne, una almendra de gran calidad y un sabor muy agradable.\" \/>\n<meta property=\"og:url\" content=\"https:\/\/www.almendrasdebardenas.com\/productos\/almendra-cruda-con-cascara-lauranne\/\" \/>\n<meta property=\"og:site_name\" content=\"Almendras Leoz\" \/>\n<meta property=\"article:modified_time\" content=\"2022-12-27T08:17:35+00:00\" \/>\n<meta property=\"og:image\" content=\"https:\/\/www.almendrasdebardenas.com\/wp-content\/uploads\/almendra-lauranne-con-cascara.jpg\" \/>\n\t<meta property=\"og:image:width\" content=\"1200\" \/>\n\t<meta property=\"og:image:height\" content=\"900\" \/>\n\t<meta property=\"og:image:type\" content=\"image\/jpeg\" \/>\n<meta name=\"twitter:card\" content=\"summary_large_image\" \/>\n<meta name=\"twitter:site\" content=\"@irenenonay\" \/>\n<script type=\"application\/ld+json\" class=\"yoast-schema-graph\">{\"@context\":\"https:\\\/\\\/schema.org\",\"@graph\":[{\"@type\":\"WebPage\",\"@id\":\"https:\\\/\\\/www.almendrasdebardenas.com\\\/productos\\\/almendra-cruda-con-cascara-lauranne\\\/\",\"url\":\"https:\\\/\\\/www.almendrasdebardenas.com\\\/productos\\\/almendra-cruda-con-cascara-lauranne\\\/\",\"name\":\"Venta de almendra con c\u00e1scara Lauranne\",\"isPartOf\":{\"@id\":\"https:\\\/\\\/www.almendrasdebardenas.com\\\/#website\"},\"primaryImageOfPage\":{\"@id\":\"https:\\\/\\\/www.almendrasdebardenas.com\\\/productos\\\/almendra-cruda-con-cascara-lauranne\\\/#primaryimage\"},\"image\":{\"@id\":\"https:\\\/\\\/www.almendrasdebardenas.com\\\/productos\\\/almendra-cruda-con-cascara-lauranne\\\/#primaryimage\"},\"thumbnailUrl\":\"https:\\\/\\\/www.almendrasdebardenas.com\\\/wp-content\\\/uploads\\\/almendra-lauranne-con-cascara.jpg\",\"datePublished\":\"2021-01-12T08:23:22+00:00\",\"dateModified\":\"2022-12-27T08:17:35+00:00\",\"description\":\"Venta online de almendra cruda con c\u00e1scara de la variedad Lauranne, una almendra de gran calidad y un sabor muy agradable.\",\"breadcrumb\":{\"@id\":\"https:\\\/\\\/www.almendrasdebardenas.com\\\/productos\\\/almendra-cruda-con-cascara-lauranne\\\/#breadcrumb\"},\"inLanguage\":\"en-US\",\"potentialAction\":[{\"@type\":\"ReadAction\",\"target\":[\"https:\\\/\\\/www.almendrasdebardenas.com\\\/productos\\\/almendra-cruda-con-cascara-lauranne\\\/\"]}]},{\"@type\":\"ImageObject\",\"inLanguage\":\"en-US\",\"@id\":\"https:\\\/\\\/www.almendrasdebardenas.com\\\/productos\\\/almendra-cruda-con-cascara-lauranne\\\/#primaryimage\",\"url\":\"https:\\\/\\\/www.almendrasdebardenas.com\\\/wp-content\\\/uploads\\\/almendra-lauranne-con-cascara.jpg\",\"contentUrl\":\"https:\\\/\\\/www.almendrasdebardenas.com\\\/wp-content\\\/uploads\\\/almendra-lauranne-con-cascara.jpg\",\"width\":1200,\"height\":900,\"caption\":\"Almendra cruda con c\u00e1scar de la variedad Lauranne\"},{\"@type\":\"BreadcrumbList\",\"@id\":\"https:\\\/\\\/www.almendrasdebardenas.com\\\/productos\\\/almendra-cruda-con-cascara-lauranne\\\/#breadcrumb\",\"itemListElement\":[{\"@type\":\"ListItem\",\"position\":1,\"name\":\"Portada\",\"item\":\"https:\\\/\\\/www.almendrasdebardenas.com\\\/\"},{\"@type\":\"ListItem\",\"position\":2,\"name\":\"Almendras de Navarra\",\"item\":\"https:\\\/\\\/www.almendrasdebardenas.com\\\/en\\\/almendras\\\/\"},{\"@type\":\"ListItem\",\"position\":3,\"name\":\"Almendra Lauranne\"}]},{\"@type\":\"WebSite\",\"@id\":\"https:\\\/\\\/www.almendrasdebardenas.com\\\/#website\",\"url\":\"https:\\\/\\\/www.almendrasdebardenas.com\\\/\",\"name\":\"Almendras Leoz\",\"description\":\"Almendras de Bardenas\",\"publisher\":{\"@id\":\"https:\\\/\\\/www.almendrasdebardenas.com\\\/#organization\"},\"potentialAction\":[{\"@type\":\"SearchAction\",\"target\":{\"@type\":\"EntryPoint\",\"urlTemplate\":\"https:\\\/\\\/www.almendrasdebardenas.com\\\/?s={search_term_string}\"},\"query-input\":{\"@type\":\"PropertyValueSpecification\",\"valueRequired\":true,\"valueName\":\"search_term_string\"}}],\"inLanguage\":\"en-US\"},{\"@type\":\"Organization\",\"@id\":\"https:\\\/\\\/www.almendrasdebardenas.com\\\/#organization\",\"name\":\"Almendras Leoz\",\"url\":\"https:\\\/\\\/www.almendrasdebardenas.com\\\/\",\"logo\":{\"@type\":\"ImageObject\",\"inLanguage\":\"en-US\",\"@id\":\"https:\\\/\\\/www.almendrasdebardenas.com\\\/#\\\/schema\\\/logo\\\/image\\\/\",\"url\":\"https:\\\/\\\/www.almendrasdebardenas.com\\\/wp-content\\\/uploads\\\/leoz-almendras-de-bardenas.png\",\"contentUrl\":\"https:\\\/\\\/www.almendrasdebardenas.com\\\/wp-content\\\/uploads\\\/leoz-almendras-de-bardenas.png\",\"width\":300,\"height\":90,\"caption\":\"Almendras Leoz\"},\"image\":{\"@id\":\"https:\\\/\\\/www.almendrasdebardenas.com\\\/#\\\/schema\\\/logo\\\/image\\\/\"},\"sameAs\":[\"https:\\\/\\\/x.com\\\/irenenonay\",\"https:\\\/\\\/www.instagram.com\\\/irenenonay\\\/\"]}]}<\/script>\n<!-- \/ Yoast SEO plugin. -->","yoast_head_json":{"title":"Venta de almendra con c\u00e1scara Lauranne","description":"Venta online de almendra cruda con c\u00e1scara de la variedad Lauranne, una almendra de gran calidad y un sabor muy agradable.","robots":{"index":"index","follow":"follow","max-snippet":"max-snippet:-1","max-image-preview":"max-image-preview:large","max-video-preview":"max-video-preview:-1"},"canonical":"https:\/\/www.almendrasdebardenas.com\/productos\/almendra-cruda-con-cascara-lauranne\/","og_locale":"en_US","og_type":"article","og_title":"Venta de almendra con c\u00e1scara Lauranne","og_description":"Venta online de almendra cruda con c\u00e1scara de la variedad Lauranne, una almendra de gran calidad y un sabor muy agradable.","og_url":"https:\/\/www.almendrasdebardenas.com\/productos\/almendra-cruda-con-cascara-lauranne\/","og_site_name":"Almendras Leoz","article_modified_time":"2022-12-27T08:17:35+00:00","og_image":[{"width":1200,"height":900,"url":"https:\/\/www.almendrasdebardenas.com\/wp-content\/uploads\/almendra-lauranne-con-cascara.jpg","type":"image\/jpeg"}],"twitter_card":"summary_large_image","twitter_site":"@irenenonay","schema":{"@context":"https:\/\/schema.org","@graph":[{"@type":"WebPage","@id":"https:\/\/www.almendrasdebardenas.com\/productos\/almendra-cruda-con-cascara-lauranne\/","url":"https:\/\/www.almendrasdebardenas.com\/productos\/almendra-cruda-con-cascara-lauranne\/","name":"Venta de almendra con c\u00e1scara Lauranne","isPartOf":{"@id":"https:\/\/www.almendrasdebardenas.com\/#website"},"primaryImageOfPage":{"@id":"https:\/\/www.almendrasdebardenas.com\/productos\/almendra-cruda-con-cascara-lauranne\/#primaryimage"},"image":{"@id":"https:\/\/www.almendrasdebardenas.com\/productos\/almendra-cruda-con-cascara-lauranne\/#primaryimage"},"thumbnailUrl":"https:\/\/www.almendrasdebardenas.com\/wp-content\/uploads\/almendra-lauranne-con-cascara.jpg","datePublished":"2021-01-12T08:23:22+00:00","dateModified":"2022-12-27T08:17:35+00:00","description":"Venta online de almendra cruda con c\u00e1scara de la variedad Lauranne, una almendra de gran calidad y un sabor muy agradable.","breadcrumb":{"@id":"https:\/\/www.almendrasdebardenas.com\/productos\/almendra-cruda-con-cascara-lauranne\/#breadcrumb"},"inLanguage":"en-US","potentialAction":[{"@type":"ReadAction","target":["https:\/\/www.almendrasdebardenas.com\/productos\/almendra-cruda-con-cascara-lauranne\/"]}]},{"@type":"ImageObject","inLanguage":"en-US","@id":"https:\/\/www.almendrasdebardenas.com\/productos\/almendra-cruda-con-cascara-lauranne\/#primaryimage","url":"https:\/\/www.almendrasdebardenas.com\/wp-content\/uploads\/almendra-lauranne-con-cascara.jpg","contentUrl":"https:\/\/www.almendrasdebardenas.com\/wp-content\/uploads\/almendra-lauranne-con-cascara.jpg","width":1200,"height":900,"caption":"Almendra cruda con c\u00e1scar de la variedad Lauranne"},{"@type":"BreadcrumbList","@id":"https:\/\/www.almendrasdebardenas.com\/productos\/almendra-cruda-con-cascara-lauranne\/#breadcrumb","itemListElement":[{"@type":"ListItem","position":1,"name":"Portada","item":"https:\/\/www.almendrasdebardenas.com\/"},{"@type":"ListItem","position":2,"name":"Almendras de Navarra","item":"https:\/\/www.almendrasdebardenas.com\/en\/almendras\/"},{"@type":"ListItem","position":3,"name":"Almendra Lauranne"}]},{"@type":"WebSite","@id":"https:\/\/www.almendrasdebardenas.com\/#website","url":"https:\/\/www.almendrasdebardenas.com\/","name":"Almendras Leoz","description":"Almendras de Bardenas","publisher":{"@id":"https:\/\/www.almendrasdebardenas.com\/#organization"},"potentialAction":[{"@type":"SearchAction","target":{"@type":"EntryPoint","urlTemplate":"https:\/\/www.almendrasdebardenas.com\/?s={search_term_string}"},"query-input":{"@type":"PropertyValueSpecification","valueRequired":true,"valueName":"search_term_string"}}],"inLanguage":"en-US"},{"@type":"Organization","@id":"https:\/\/www.almendrasdebardenas.com\/#organization","name":"Almendras Leoz","url":"https:\/\/www.almendrasdebardenas.com\/","logo":{"@type":"ImageObject","inLanguage":"en-US","@id":"https:\/\/www.almendrasdebardenas.com\/#\/schema\/logo\/image\/","url":"https:\/\/www.almendrasdebardenas.com\/wp-content\/uploads\/leoz-almendras-de-bardenas.png","contentUrl":"https:\/\/www.almendrasdebardenas.com\/wp-content\/uploads\/leoz-almendras-de-bardenas.png","width":300,"height":90,"caption":"Almendras Leoz"},"image":{"@id":"https:\/\/www.almendrasdebardenas.com\/#\/schema\/logo\/image\/"},"sameAs":["https:\/\/x.com\/irenenonay","https:\/\/www.instagram.com\/irenenonay\/"]}]}},"_links":{"self":[{"href":"https:\/\/www.almendrasdebardenas.com\/en\/wp-json\/wp\/v2\/product\/71","targetHints":{"allow":["GET"]}}],"collection":[{"href":"https:\/\/www.almendrasdebardenas.com\/en\/wp-json\/wp\/v2\/product"}],"about":[{"href":"https:\/\/www.almendrasdebardenas.com\/en\/wp-json\/wp\/v2\/types\/product"}],"wp:featuredmedia":[{"embeddable":true,"href":"https:\/\/www.almendrasdebardenas.com\/en\/wp-json\/wp\/v2\/media\/372"}],"wp:attachment":[{"href":"https:\/\/www.almendrasdebardenas.com\/en\/wp-json\/wp\/v2\/media?parent=71"}],"wp:term":[{"taxonomy":"product_brand","embeddable":true,"href":"https:\/\/www.almendrasdebardenas.com\/en\/wp-json\/wp\/v2\/product_brand?post=71"},{"taxonomy":"product_cat","embeddable":true,"href":"https:\/\/www.almendrasdebardenas.com\/en\/wp-json\/wp\/v2\/product_cat?post=71"},{"taxonomy":"product_tag","embeddable":true,"href":"https:\/\/www.almendrasdebardenas.com\/en\/wp-json\/wp\/v2\/product_tag?post=71"}],"curies":[{"name":"wp","href":"https:\/\/api.w.org\/{rel}","templated":true}]}}